{"id":172,"date":"2016-02-21T15:46:30","date_gmt":"2016-02-21T15:46:30","guid":{"rendered":"http:\/\/demowp.cththemes.net\/monolit\/?page_id=172"},"modified":"2025-09-24T17:04:48","modified_gmt":"2025-09-24T15:04:48","slug":"contact","status":"publish","type":"page","link":"https:\/\/www.arcnova.eu\/fr\/contact\/","title":{"rendered":"Contact"},"content":{"rendered":"<p>[vc_row cth_layout=\u00a0\u00bbmonolit_page_sec\u00a0\u00bb][vc_column offset=\u00a0\u00bbvc_col-md-8&Prime;][vc_column_text]<\/p>\n<h2 class=\"section-title\">Comment <strong>nous trouver <\/strong><\/h2>\n<p>[\/vc_column_text][\/vc_column][vc_column][vc_column_text]\n<div class=\"google-maps-builder-wrap\">\n\n\t<div id=\"google-maps-builder-991\" class=\"google-maps-builder\"  data-map-id=\"991\" style=\"width:100%; height:400px\"><\/div>\n\n\t\n<\/div>\n<p>[\/vc_column_text][\/vc_column][vc_column offset=\u00a0\u00bbvc_col-md-8&Prime;][vc_row_inner css=\u00a0\u00bb.vc_custom_1456151205880{padding-top: 30px !important;}\u00a0\u00bb][vc_column_inner offset=\u00a0\u00bbvc_col-md-4&Prime;][vc_column_text]<\/p>\n<h3 class=\"bold-title\">Informations de contact :<\/h3>\n<p>[\/vc_column_text][\/vc_column_inner][vc_column_inner offset=\u00a0\u00bbvc_col-md-4&Prime;][vc_column_text]<\/p>\n<h4 class=\"contact-details\">ARC NOVA doench+baumheier s\u00e0rl<\/h4>\n<ul class=\"contact-details\">\n<li>56, Grand-Rue, L-3394 Roeser<\/li>\n<li>TEL +352 26 37 01 35<\/li>\n<li>E-MAIL <a href=\"mailto:info@arcnova.lu\">info@arcnova.lu<\/a><\/li>\n<\/ul>\n<p>[\/vc_column_text][\/vc_column_inner][vc_column_inner offset=\u00a0\u00bbvc_col-md-4&Prime;][vc_column_text]<\/p>\n<h4 class=\"contact-details\">ARC NOVA architects GmbH<\/h4>\n<ul class=\"contact-details\">\n<li>Bohnstedtstra\u00dfe 10, D-99867 Gotha<\/li>\n<li>TEL +49 (172) 5604832<\/li>\n<li>E-MAIL&nbsp; <a href=\"mailto:info@arcnova.de\">info@arcnova.de<\/a><\/li>\n<\/ul>\n<p>[\/vc_column_text][vc_column_text]<\/p>\n<p>[\/vc_column_text][\/vc_column_inner][\/vc_row_inner][vc_row_inner][vc_column_inner]\n<div class=\"wpcf7 no-js\" id=\"wpcf7-f988-o1\" lang=\"de-DE\" dir=\"ltr\">\n<div class=\"screen-reader-response\"><p role=\"status\" aria-live=\"polite\" aria-atomic=\"true\"><\/p> <ul><\/ul><\/div>\n<form action=\"\/fr\/wp-json\/wp\/v2\/pages\/172#wpcf7-f988-o1\" method=\"post\" class=\"wpcf7-form init wpcf7-acceptance-as-validation\" aria-label=\"Kontaktformular\" novalidate=\"novalidate\" data-status=\"init\">\n<div style=\"display: none;\">\n<input type=\"hidden\" name=\"_wpcf7\" value=\"988\" \/>\n<input type=\"hidden\" name=\"_wpcf7_version\" value=\"5.7.7\" \/>\n<input type=\"hidden\" name=\"_wpcf7_locale\" value=\"de_DE\" \/>\n<input type=\"hidden\" name=\"_wpcf7_unit_tag\" value=\"wpcf7-f988-o1\" \/>\n<input type=\"hidden\" name=\"_wpcf7_container_post\" value=\"0\" \/>\n<input type=\"hidden\" name=\"_wpcf7_posted_data_hash\" value=\"\" \/>\n<\/div>\n<div class=\"contact-form-holder\">\n\t<div id=\"contact-form\">\n\t\t<p><span class=\"wpcf7-form-control-wrap\" data-name=\"your-name\"><input size=\"40\" class=\"wpcf7-form-control wpcf7-text wpcf7-validates-as-required\" aria-required=\"true\" aria-invalid=\"false\" placeholder=\"Nom\" value=\"\" type=\"text\" name=\"your-name\" \/><\/span><br \/>\n<span class=\"wpcf7-form-control-wrap\" data-name=\"your-email\"><input size=\"40\" class=\"wpcf7-form-control wpcf7-text wpcf7-email wpcf7-validates-as-required wpcf7-validates-as-email\" aria-required=\"true\" aria-invalid=\"false\" placeholder=\"E-mail\" value=\"\" type=\"email\" name=\"your-email\" \/><\/span><br \/>\n<span class=\"wpcf7-form-control-wrap\" data-name=\"your-message\"><textarea cols=\"40\" rows=\"10\" class=\"wpcf7-form-control wpcf7-textarea wpcf7-validates-as-required\" aria-required=\"true\" aria-invalid=\"false\" placeholder=\"Message\" name=\"your-message\"><\/textarea><\/span><br \/>\n<span class=\"wpcf7-form-control-wrap\" data-name=\"accept-this-1\"><span class=\"wpcf7-form-control wpcf7-acceptance\"><span class=\"wpcf7-list-item\"><label><input type=\"checkbox\" name=\"accept-this-1\" value=\"1\" aria-invalid=\"false\" \/><span class=\"wpcf7-list-item-label\">J'ai lu et compris la <a href=\"https:\/\/www.arcnova.eu\/datenschutz\/\"> Politique de confidentialit\u00e9 <\/a>.<\/span><\/label><\/span><\/span><\/span><span style=\"margin-left: 15px;\">J'ai lu et compris la <a href=\"https:\/\/www.arcnova.eu\/datenschutz\/\"> Politique de confidentialit\u00e9 <\/a>.<\/span><br \/>\n<span class=\"wpcf7-form-control-wrap\" data-name=\"accept-this-2\"><span class=\"wpcf7-form-control wpcf7-acceptance\"><span class=\"wpcf7-list-item\"><label><input type=\"checkbox\" name=\"accept-this-2\" value=\"1\" aria-invalid=\"false\" \/><span class=\"wpcf7-list-item-label\">J'accepte que mes coordonn\u00e9es du formulaire de contact soient collect\u00e9es et trait\u00e9es pour r\u00e9pondre \u00e0 ma demande. Les donn\u00e9es seront supprim\u00e9es apr\u00e8s le traitement de votre demande. Remarque: Vous pouvez r\u00e9voquer votre consentement \u00e0 tout moment.<\/span><\/label><\/span><\/span><\/span><span style=\"margin-left: 15px;\">J'accepte que mes coordonn\u00e9es du formulaire de contact soient collect\u00e9es et trait\u00e9es pour r\u00e9pondre \u00e0 ma demande. Les donn\u00e9es seront supprim\u00e9es apr\u00e8s le traitement de votre demande. Remarque: Vous pouvez r\u00e9voquer votre consentement \u00e0 tout moment.<\/span>\n\t\t<\/p>\n\t\t<p><input class=\"wpcf7-form-control has-spinner wpcf7-submit\" id=\"submit\" type=\"submit\" value=\"Soumettre\" \/>\n\t\t<\/p>\n\t<\/div>\n<\/div>\n<div class=\"clearfix\">\n<\/div><div class=\"wpcf7-response-output\" aria-hidden=\"true\"><\/div>\n<\/form>\n<\/div>\n[\/vc_column_inner][\/vc_row_inner][\/vc_column][\/vc_row]<\/p>\n","protected":false},"excerpt":{"rendered":"<p>[vc_row cth_layout=\u00a0\u00bbmonolit_page_sec\u00a0\u00bb][vc_column offset=\u00a0\u00bbvc_col-md-8&Prime;][vc_column_text] Comment nous trouver [\/vc_column_text][\/vc_column][vc_column][vc_column_text] [\/vc_column_text][\/vc_column][vc_column offset=\u00a0\u00bbvc_col-md-8&Prime;][vc_row_inner css=\u00a0\u00bb.vc_custom_1456151205880{padding-top: 30px !important;}\u00a0\u00bb][vc_column_inner offset=\u00a0\u00bbvc_col-md-4&Prime;][vc_column_text] Informations de contact : [\/vc_column_text][\/vc_column_inner][vc_column_inner offset=\u00a0\u00bbvc_col-md-4&Prime;][vc_column_text] ARC NOVA doench+baumheier s\u00e0rl 56, Grand-Rue, L-3394 Roeser TEL +352 26 37 01 35 E-MAIL info@arcnova.lu [\/vc_column_text][\/vc_column_inner][vc_column_inner offset=\u00a0\u00bbvc_col-md-4&Prime;][vc_column_text] ARC NOVA architects GmbH Bohnstedtstra\u00dfe 10, D-99867 Gotha TEL +49 (172) 5604832 E-MAIL&nbsp; info@arcnova.de [\/vc_column_text][vc_column_text] [\/vc_column_text][\/vc_column_inner][\/vc_row_inner][vc_row_inner][vc_column_inner][\/vc_column_inner][\/vc_row_inner][\/vc_column][\/vc_row]<\/p>\n","protected":false},"author":1,"featured_media":0,"parent":0,"menu_order":0,"comment_status":"closed","ping_status":"closed","template":"page-fullwidth.php","meta":[],"_links":{"self":[{"href":"https:\/\/www.arcnova.eu\/fr\/wp-json\/wp\/v2\/pages\/172"}],"collection":[{"href":"https:\/\/www.arcnova.eu\/fr\/wp-json\/wp\/v2\/pages"}],"about":[{"href":"https:\/\/www.arcnova.eu\/fr\/wp-json\/wp\/v2\/types\/page"}],"author":[{"embeddable":true,"href":"https:\/\/www.arcnova.eu\/fr\/wp-json\/wp\/v2\/users\/1"}],"replies":[{"embeddable":true,"href":"https:\/\/www.arcnova.eu\/fr\/wp-json\/wp\/v2\/comments?post=172"}],"version-history":[{"count":10,"href":"https:\/\/www.arcnova.eu\/fr\/wp-json\/wp\/v2\/pages\/172\/revisions"}],"predecessor-version":[{"id":1167,"href":"https:\/\/www.arcnova.eu\/fr\/wp-json\/wp\/v2\/pages\/172\/revisions\/1167"}],"wp:attachment":[{"href":"https:\/\/www.arcnova.eu\/fr\/wp-json\/wp\/v2\/media?parent=172"}],"curies":[{"name":"wp","href":"https:\/\/api.w.org\/{rel}","templated":true}]}}